{"id":1028,"date":"2021-05-29T10:09:27","date_gmt":"2021-05-29T10:09:27","guid":{"rendered":"http:\/\/39dhazymut.tychy.zhp.pl\/?page_id=1028"},"modified":"2021-05-29T10:09:28","modified_gmt":"2021-05-29T10:09:28","slug":"przeglady-miesiecznikow-harcerskich","status":"publish","type":"page","link":"http:\/\/39dhazymut.tychy.zhp.pl\/index.php\/przeglady-miesiecznikow-harcerskich\/","title":{"rendered":"Przegl\u0105dy miesi\u0119cznik\u00f3w harcerskich"},"content":{"rendered":"\n<p>Poni\u017cej znajduje si\u0119 lista artyku\u0142\u00f3w dotycz\u0105cych miesi\u0119cznik\u00f3w harcerskich ,,Czuwaj&#8221; oraz ,,Na Tropie&#8221;:<\/p>\n\n\n\n<h3 class=\"wp-block-heading\">2021<\/h3>\n\n\n\n<p><a href=\"http:\/\/39dhazymut.tychy.zhp.pl\/index.php\/2021\/05\/14\/przeglad-miesiecznikow-z-kwietnia-2021\/\">Kwiecie\u0144 2021<\/a><br><a href=\"http:\/\/39dhazymut.tychy.zhp.pl\/index.php\/2021\/05\/10\/przeglad-miesiecznikow-harcerskich-z-marca-2021\/\">Marzec 2021<\/a><br><a href=\"http:\/\/39dhazymut.tychy.zhp.pl\/index.php\/2021\/03\/07\/przeglad-miesiecznikow-harcerskich-na-luty-2021\/\">Luty 2021<\/a><br><a href=\"http:\/\/39dhazymut.tychy.zhp.pl\/index.php\/2021\/02\/04\/styczniowy-przeglad-miesiecznikow-harcerskich-2021\/\">Stycze\u0144 2021<\/a><\/p>\n\n\n\n<h3 class=\"wp-block-heading\">2020<\/h3>\n\n\n\n<p><a href=\"http:\/\/39dhazymut.tychy.zhp.pl\/index.php\/2021\/01\/26\/grudniowy-przeglad-miesiecznikow-harcerskich-2020\/\">Grudzie\u0144 2020<\/a><br><a href=\"http:\/\/39dhazymut.tychy.zhp.pl\/index.php\/2021\/01\/26\/listopadowy-przeglad-miesiecznikow-harcerskich-2020\/\">Listopad 2020<\/a><br><a href=\"http:\/\/39dhazymut.tychy.zhp.pl\/index.php\/2021\/01\/26\/pazdziernikowy-przeglad-miesiecznikow-harcerskich-2020\/\">Pa\u017adziernik 2020<\/a><br><a href=\"http:\/\/39dhazymut.tychy.zhp.pl\/index.php\/2021\/01\/26\/wrzesniowy-przeglad-miesiecznikow-harcerskich-2020\/\">Wrzesie\u0144 2020<\/a><br><a href=\"http:\/\/39dhazymut.tychy.zhp.pl\/index.php\/2020\/09\/16\/wakacyjny-przeglad-miesiecznikow-harcerskich-2\/\">Wakacje 2020<\/a><br><a href=\"http:\/\/39dhazymut.tychy.zhp.pl\/index.php\/2020\/08\/24\/czerwcowy-przeglad-miesiecznikow-harcerskich\/\">Czerwiec 2020<\/a><br><a href=\"http:\/\/39dhazymut.tychy.zhp.pl\/index.php\/2020\/08\/14\/majowy-przeglad-miesiecznikow-harcerskich\/\">Maj 2020<\/a><br><a href=\"http:\/\/39dhazymut.tychy.zhp.pl\/index.php\/2020\/07\/05\/marcowo-kwietniowy-przeglad-miesiecznikow-harcerskich\/\">Marzec\/Kwiecie\u0144 2020<\/a><br><a href=\"http:\/\/39dhazymut.tychy.zhp.pl\/index.php\/2020\/07\/05\/przeglad-miesiecznikow-harcerskich-z-lutego\/\">Luty 2020<\/a><br><a href=\"http:\/\/39dhazymut.tychy.zhp.pl\/index.php\/2020\/06\/07\/styczniowy-przeglad-miesiecznikow-harcerskich\/\">Stycze\u0144 2020<\/a><\/p>\n\n\n\n<h3 class=\"wp-block-heading\">2019<\/h3>\n\n\n\n<p><a href=\"http:\/\/39dhazymut.tychy.zhp.pl\/index.php\/2020\/06\/07\/grudniowy-przeglad-miesiecznikow-harcerskich\/\">Grudzie\u0144 2019<\/a><br><a href=\"http:\/\/39dhazymut.tychy.zhp.pl\/index.php\/2020\/06\/07\/listopadowy-przeglad-miesiecznikow-harcerskich\/\">Listopad 2019<\/a><br><a href=\"http:\/\/39dhazymut.tychy.zhp.pl\/index.php\/2020\/06\/07\/pazdziernikowy-przeglad-miesiecznikow-harcerskich\/\">Pa\u017adziernik 2019<\/a><br><a href=\"http:\/\/39dhazymut.tychy.zhp.pl\/index.php\/2020\/06\/07\/wrzesniowy-przeglad-miesiecznikow-harcerskich\/\">Wrzesie\u0144&nbsp;2019<\/a><br><\/p>\n\n\n\n<p class=\"has-text-align-right has-small-font-size\"><em>Artyku\u0142y zwi\u0105zane z miesi\u0119cznikami harcerskimi zosta\u0142y przygotowane w ramach pr\u00f3by przewodnikowskiej<\/em><\/p>\n","protected":false},"excerpt":{"rendered":"<p>Poni\u017cej znajduje si\u0119 lista artyku\u0142\u00f3w dotycz\u0105cych miesi\u0119cznik\u00f3w harcerskich ,,Czuwaj&#8221; oraz ,,Na Tropie&#8221;: 2021 Kwiecie\u0144 2021Marzec 2021Luty 2021Stycze\u0144 2021 2020 Grudzie\u0144 2020Listopad 2020Pa\u017adziernik 2020Wrzesie\u0144 2020Wakacje 2020Czerwiec 2020Maj 2020Marzec\/Kwiecie\u0144 2020Luty 2020Stycze\u0144 2020 2019 Grudzie\u0144 2019Listopad 2019Pa\u017adziernik 2019Wrzesie\u0144&nbsp;2019 Artyku\u0142y zwi\u0105zane z miesi\u0119cznikami harcerskimi zosta\u0142y przygotowane w ramach pr\u00f3by przewodnikowskiej<\/p>\n","protected":false},"author":5,"featured_media":0,"parent":0,"menu_order":0,"comment_status":"closed","ping_status":"closed","template":"","meta":{"footnotes":""},"class_list":["post-1028","page","type-page","status-publish","hentry"],"_links":{"self":[{"href":"http:\/\/39dhazymut.tychy.zhp.pl\/index.php\/wp-json\/wp\/v2\/pages\/1028","targetHints":{"allow":["GET"]}}],"collection":[{"href":"http:\/\/39dhazymut.tychy.zhp.pl\/index.php\/wp-json\/wp\/v2\/pages"}],"about":[{"href":"http:\/\/39dhazymut.tychy.zhp.pl\/index.php\/wp-json\/wp\/v2\/types\/page"}],"author":[{"embeddable":true,"href":"http:\/\/39dhazymut.tychy.zhp.pl\/index.php\/wp-json\/wp\/v2\/users\/5"}],"replies":[{"embeddable":true,"href":"http:\/\/39dhazymut.tychy.zhp.pl\/index.php\/wp-json\/wp\/v2\/comments?post=1028"}],"version-history":[{"count":4,"href":"http:\/\/39dhazymut.tychy.zhp.pl\/index.php\/wp-json\/wp\/v2\/pages\/1028\/revisions"}],"predecessor-version":[{"id":1056,"href":"http:\/\/39dhazymut.tychy.zhp.pl\/index.php\/wp-json\/wp\/v2\/pages\/1028\/revisions\/1056"}],"wp:attachment":[{"href":"http:\/\/39dhazymut.tychy.zhp.pl\/index.php\/wp-json\/wp\/v2\/media?parent=1028"}],"curies":[{"name":"wp","href":"https:\/\/api.w.org\/{rel}","templated":true}]}}