{"id":210,"date":"2018-10-17T19:27:08","date_gmt":"2018-10-17T19:27:08","guid":{"rendered":"http:\/\/39dhazymut.tychy.zhp.pl\/?page_id=210"},"modified":"2018-10-17T19:27:08","modified_gmt":"2018-10-17T19:27:08","slug":"harcerskie-idealy","status":"publish","type":"page","link":"http:\/\/39dhazymut.tychy.zhp.pl\/index.php\/harcerskie-idealy\/","title":{"rendered":"Harcerskie Idea\u0142y"},"content":{"rendered":"<p>Na \u015bcianie masz kolekcj\u0119 swoich barwnych wspomnie\u0144<br \/>\nSuszony kwiat, naszyjnik wiersz i li\u015b\u0107.<br \/>\nJu\u017c tyle lat przypinasz szpilk\u0105 na tej s\u0142omie<br \/>\nTo wszystko co pi\u0119kniejsze jest ni\u017c skarb.<br \/>\nPo \u015brodku sam genera\u0142 Robert Baden-Powell,<br \/>\nRze\u017abiony w drewnie lilijki smuk\u0142y kszta\u0142t,<br \/>\nJest krzy\u017ca znak i orze\u0142 srebrny jest w koronie,<br \/>\nA zaraz pod nim harcerskich 10 praw.<br \/>\nRamie pr\u0119\u017c, s\u0142abo\u015b\u0107 krusz i nie zawied\u017a w potrzebie,<br \/>\nPodaj sw\u0105 pomocn\u0105 d\u0142o\u0144 tym, co licz\u0105 na ciebie.<br \/>\nZmieniaj \u015bwiat, zawsze b\u0105d\u017a sprawiedliwy i odwa\u017cny,<br \/>\n\u015amia\u0142o zwalczaj wszelkie z\u0142o, niech twym bratem b\u0119dzie ka\u017cdy.<\/p>\n<p>I \u015bwie\u0107 przyk\u0142adem \u015bwie\u0107!<br \/>\nI le\u0107 w przestworza le\u0107!<\/p>\n<p>I nie\u015b ze sob\u0105 wie\u015b\u0107,<br \/>\n\u017be by\u0107 harcerzem chcesz!<\/p>\n<p>A gdy spyta ci\u0119 kto\u015b: &#8222;Sk\u0105d ten krzy\u017c na twej piersi?&#8221;<br \/>\nZ dum\u0105 odpowiedz mu; &#8222;Taki maj\u0105 najdzielniejsi,<br \/>\nBo cho\u0107 ma\u0142o mam lat w mym harcerskim mundurze,<br \/>\nBogu, ludziom i Ooczy\u017anie na ich wieczna chwa\u0142\u0119 s\u0142u\u017c\u0119&#8221;.<\/p>\n<p>I \u015bwie\u0107&#8230;<\/p>\n","protected":false},"excerpt":{"rendered":"<p>Na \u015bcianie masz kolekcj\u0119 swoich barwnych wspomnie\u0144 Suszony kwiat, naszyjnik wiersz i li\u015b\u0107. Ju\u017c tyle lat przypinasz szpilk\u0105 na tej s\u0142omie To wszystko co pi\u0119kniejsze jest ni\u017c skarb. Po \u015brodku sam genera\u0142 Robert Baden-Powell, Rze\u017abiony w drewnie lilijki smuk\u0142y kszta\u0142t, Jest krzy\u017ca znak i orze\u0142 srebrny jest w koronie, A zaraz pod nim harcerskich 10&#8230;<\/p>\n","protected":false},"author":1,"featured_media":0,"parent":0,"menu_order":0,"comment_status":"closed","ping_status":"closed","template":"","meta":{"footnotes":""},"class_list":["post-210","page","type-page","status-publish","hentry"],"_links":{"self":[{"href":"http:\/\/39dhazymut.tychy.zhp.pl\/index.php\/wp-json\/wp\/v2\/pages\/210","targetHints":{"allow":["GET"]}}],"collection":[{"href":"http:\/\/39dhazymut.tychy.zhp.pl\/index.php\/wp-json\/wp\/v2\/pages"}],"about":[{"href":"http:\/\/39dhazymut.tychy.zhp.pl\/index.php\/wp-json\/wp\/v2\/types\/page"}],"author":[{"embeddable":true,"href":"http:\/\/39dhazymut.tychy.zhp.pl\/index.php\/wp-json\/wp\/v2\/users\/1"}],"replies":[{"embeddable":true,"href":"http:\/\/39dhazymut.tychy.zhp.pl\/index.php\/wp-json\/wp\/v2\/comments?post=210"}],"version-history":[{"count":1,"href":"http:\/\/39dhazymut.tychy.zhp.pl\/index.php\/wp-json\/wp\/v2\/pages\/210\/revisions"}],"predecessor-version":[{"id":211,"href":"http:\/\/39dhazymut.tychy.zhp.pl\/index.php\/wp-json\/wp\/v2\/pages\/210\/revisions\/211"}],"wp:attachment":[{"href":"http:\/\/39dhazymut.tychy.zhp.pl\/index.php\/wp-json\/wp\/v2\/media?parent=210"}],"curies":[{"name":"wp","href":"https:\/\/api.w.org\/{rel}","templated":true}]}}