{"id":649,"date":"2019-04-17T19:26:19","date_gmt":"2019-04-17T19:26:19","guid":{"rendered":"http:\/\/39dhazymut.tychy.zhp.pl\/?page_id=649"},"modified":"2019-04-17T19:26:20","modified_gmt":"2019-04-17T19:26:20","slug":"harcerki-1939-1945-relacje-pamietniki","status":"publish","type":"page","link":"http:\/\/39dhazymut.tychy.zhp.pl\/index.php\/harcerki-1939-1945-relacje-pamietniki\/","title":{"rendered":"Harcerki 1939-1945 relacje &#8211; pami\u0119tniki"},"content":{"rendered":"\n<p>Tytu\u0142: Harcerki 1939-1945 relacje &#8211; pami\u0119tniki<br>Autor: wyb\u00f3r i opracowanie Krystyny Wycza\u0144skiej przy wsp\u00f3\u0142pracy Zofii Florczak, Danuty Januszajtis-Po\u0142eciowej i Anny Szolc<br>Wydawnictwo: Pa\u0144stwowe Wydawnictwo Naukowe<br>Miejsce i data wydania: Warszawa 1985<\/p>\n","protected":false},"excerpt":{"rendered":"<p>Tytu\u0142: Harcerki 1939-1945 relacje &#8211; pami\u0119tnikiAutor: wyb\u00f3r i opracowanie Krystyny Wycza\u0144skiej przy wsp\u00f3\u0142pracy Zofii Florczak, Danuty Januszajtis-Po\u0142eciowej i Anny SzolcWydawnictwo: Pa\u0144stwowe Wydawnictwo NaukoweMiejsce i data wydania: Warszawa 1985<\/p>\n","protected":false},"author":5,"featured_media":0,"parent":0,"menu_order":0,"comment_status":"closed","ping_status":"closed","template":"","meta":{"footnotes":""},"class_list":["post-649","page","type-page","status-publish","hentry"],"_links":{"self":[{"href":"http:\/\/39dhazymut.tychy.zhp.pl\/index.php\/wp-json\/wp\/v2\/pages\/649","targetHints":{"allow":["GET"]}}],"collection":[{"href":"http:\/\/39dhazymut.tychy.zhp.pl\/index.php\/wp-json\/wp\/v2\/pages"}],"about":[{"href":"http:\/\/39dhazymut.tychy.zhp.pl\/index.php\/wp-json\/wp\/v2\/types\/page"}],"author":[{"embeddable":true,"href":"http:\/\/39dhazymut.tychy.zhp.pl\/index.php\/wp-json\/wp\/v2\/users\/5"}],"replies":[{"embeddable":true,"href":"http:\/\/39dhazymut.tychy.zhp.pl\/index.php\/wp-json\/wp\/v2\/comments?post=649"}],"version-history":[{"count":1,"href":"http:\/\/39dhazymut.tychy.zhp.pl\/index.php\/wp-json\/wp\/v2\/pages\/649\/revisions"}],"predecessor-version":[{"id":650,"href":"http:\/\/39dhazymut.tychy.zhp.pl\/index.php\/wp-json\/wp\/v2\/pages\/649\/revisions\/650"}],"wp:attachment":[{"href":"http:\/\/39dhazymut.tychy.zhp.pl\/index.php\/wp-json\/wp\/v2\/media?parent=649"}],"curies":[{"name":"wp","href":"https:\/\/api.w.org\/{rel}","templated":true}]}}