{"id":659,"date":"2019-04-17T19:42:09","date_gmt":"2019-04-17T19:42:09","guid":{"rendered":"http:\/\/39dhazymut.tychy.zhp.pl\/?page_id=659"},"modified":"2019-04-17T19:42:09","modified_gmt":"2019-04-17T19:42:09","slug":"pelnic-sluzbe-z-pamietnikow-i-wspomnien-harcerek-warszawy-1939-1945","status":"publish","type":"page","link":"http:\/\/39dhazymut.tychy.zhp.pl\/index.php\/pelnic-sluzbe-z-pamietnikow-i-wspomnien-harcerek-warszawy-1939-1945\/","title":{"rendered":"PE\u0141NI\u0106 S\u0141U\u017bB\u0118&#8230; Z pami\u0119tnik\u00f3w i wspomnie\u0144 harcerek Warszawy 1939-1945"},"content":{"rendered":"\n<p>Tytu\u0142: PE\u0141NI\u0106 S\u0141U\u017bB\u0118&#8230; Z pami\u0119tnik\u00f3w i wspomnie\u0144 harcerek Warszawy 1939-1945<br>Wydawnictwo: Pa\u0144stwowy Instytut Wydawniczy<br>Miejsce i data wydania: Warszawa 1983<\/p>\n","protected":false},"excerpt":{"rendered":"<p>Tytu\u0142: PE\u0141NI\u0106 S\u0141U\u017bB\u0118&#8230; Z pami\u0119tnik\u00f3w i wspomnie\u0144 harcerek Warszawy 1939-1945Wydawnictwo: Pa\u0144stwowy Instytut WydawniczyMiejsce i data wydania: Warszawa 1983<\/p>\n","protected":false},"author":5,"featured_media":0,"parent":0,"menu_order":0,"comment_status":"closed","ping_status":"closed","template":"","meta":{"footnotes":""},"class_list":["post-659","page","type-page","status-publish","hentry"],"_links":{"self":[{"href":"http:\/\/39dhazymut.tychy.zhp.pl\/index.php\/wp-json\/wp\/v2\/pages\/659","targetHints":{"allow":["GET"]}}],"collection":[{"href":"http:\/\/39dhazymut.tychy.zhp.pl\/index.php\/wp-json\/wp\/v2\/pages"}],"about":[{"href":"http:\/\/39dhazymut.tychy.zhp.pl\/index.php\/wp-json\/wp\/v2\/types\/page"}],"author":[{"embeddable":true,"href":"http:\/\/39dhazymut.tychy.zhp.pl\/index.php\/wp-json\/wp\/v2\/users\/5"}],"replies":[{"embeddable":true,"href":"http:\/\/39dhazymut.tychy.zhp.pl\/index.php\/wp-json\/wp\/v2\/comments?post=659"}],"version-history":[{"count":1,"href":"http:\/\/39dhazymut.tychy.zhp.pl\/index.php\/wp-json\/wp\/v2\/pages\/659\/revisions"}],"predecessor-version":[{"id":660,"href":"http:\/\/39dhazymut.tychy.zhp.pl\/index.php\/wp-json\/wp\/v2\/pages\/659\/revisions\/660"}],"wp:attachment":[{"href":"http:\/\/39dhazymut.tychy.zhp.pl\/index.php\/wp-json\/wp\/v2\/media?parent=659"}],"curies":[{"name":"wp","href":"https:\/\/api.w.org\/{rel}","templated":true}]}}