{"id":1231,"date":"2026-03-25T20:19:33","date_gmt":"2026-03-25T20:19:33","guid":{"rendered":"https:\/\/39dhazymut.tychy.zhp.pl\/?page_id=1231"},"modified":"2026-03-25T20:19:34","modified_gmt":"2026-03-25T20:19:34","slug":"harcerska-akcja-letnia-2026","status":"publish","type":"page","link":"https:\/\/39dhazymut.tychy.zhp.pl\/index.php\/harcerska-akcja-letnia-2026\/","title":{"rendered":"Harcerska Akcja Letnia 2026"},"content":{"rendered":"\n<p>Harcerska Akcja Letnia (Ob\u00f3z Harcerski) odb\u0119dzie si\u0119 w terminie <strong>29.07-09.08.2026\u00a0<\/strong>na terenie bazy Hufca ZHP Tarnowskie G\u00f3ry w<strong>\u00a0Borowianach<\/strong>\u00a0(woj. \u015bl\u0105skie)<\/p>\n\n\n\n<p>Koszt obozu:\u00a0<strong>1750 z\u0142\u00a0<\/strong>(transport, 4 posi\u0142ki, nocleg w namiotach, opieka kadry, atrakcyjny program).<\/p>\n\n\n\n<p>Zg\u0142oszenia os\u00f3b ch\u0119tnych na udzia\u0142 w obozie prosz\u0119 kierowa\u0107 bezpo\u015brednio do dru\u017cynowego a zarazem Komendanta Obozu hm. Micha\u0142a Rzepk\u0119, telefonicznie lub na e-mail: michal.rzepka@zhp.net.pl<\/p>\n\n\n\n<p>Termin zg\u0142osze\u0144 <strong>15.04.2026 r.<\/strong> Po tym terminie b\u0119d\u0105 udost\u0119pnione dokumenty do pobrania dla uczestnik\u00f3w kt\u00f3rzy si\u0119 zg\u0142osili. Ilo\u015b\u0107 miejsc ograniczona.<\/p>\n","protected":false},"excerpt":{"rendered":"<p>Harcerska Akcja Letnia (Ob\u00f3z Harcerski) odb\u0119dzie si\u0119 w terminie 29.07-09.08.2026\u00a0na terenie bazy Hufca ZHP Tarnowskie G\u00f3ry w\u00a0Borowianach\u00a0(woj. \u015bl\u0105skie) Koszt obozu:\u00a01750 z\u0142\u00a0(transport, 4 posi\u0142ki, nocleg w namiotach, opieka kadry, atrakcyjny program). Zg\u0142oszenia os\u00f3b ch\u0119tnych na udzia\u0142 w obozie prosz\u0119 kierowa\u0107 bezpo\u015brednio do dru\u017cynowego a zarazem Komendanta Obozu hm. Micha\u0142a Rzepk\u0119, telefonicznie lub na e-mail: michal.rzepka@zhp.net.pl Termin&#8230;<\/p>\n","protected":false},"author":4,"featured_media":0,"parent":0,"menu_order":0,"comment_status":"closed","ping_status":"closed","template":"","meta":{"footnotes":""},"class_list":["post-1231","page","type-page","status-publish","hentry"],"_links":{"self":[{"href":"https:\/\/39dhazymut.tychy.zhp.pl\/index.php\/wp-json\/wp\/v2\/pages\/1231","targetHints":{"allow":["GET"]}}],"collection":[{"href":"https:\/\/39dhazymut.tychy.zhp.pl\/index.php\/wp-json\/wp\/v2\/pages"}],"about":[{"href":"https:\/\/39dhazymut.tychy.zhp.pl\/index.php\/wp-json\/wp\/v2\/types\/page"}],"author":[{"embeddable":true,"href":"https:\/\/39dhazymut.tychy.zhp.pl\/index.php\/wp-json\/wp\/v2\/users\/4"}],"replies":[{"embeddable":true,"href":"https:\/\/39dhazymut.tychy.zhp.pl\/index.php\/wp-json\/wp\/v2\/comments?post=1231"}],"version-history":[{"count":1,"href":"https:\/\/39dhazymut.tychy.zhp.pl\/index.php\/wp-json\/wp\/v2\/pages\/1231\/revisions"}],"predecessor-version":[{"id":1232,"href":"https:\/\/39dhazymut.tychy.zhp.pl\/index.php\/wp-json\/wp\/v2\/pages\/1231\/revisions\/1232"}],"wp:attachment":[{"href":"https:\/\/39dhazymut.tychy.zhp.pl\/index.php\/wp-json\/wp\/v2\/media?parent=1231"}],"curies":[{"name":"wp","href":"https:\/\/api.w.org\/{rel}","templated":true}]}}