{"id":136,"date":"2018-10-15T11:49:15","date_gmt":"2018-10-15T11:49:15","guid":{"rendered":"http:\/\/39dhazymut.tychy.zhp.pl\/?page_id=136"},"modified":"2025-11-13T17:14:54","modified_gmt":"2025-11-13T17:14:54","slug":"zastepy","status":"publish","type":"page","link":"https:\/\/39dhazymut.tychy.zhp.pl\/index.php\/zastepy\/","title":{"rendered":"Zast\u0119py"},"content":{"rendered":"\n<p><strong>ZAST\u0118P &#8222;SILNE RZEPKI&#8221;<\/strong><\/p>\n\n\n\n<p>Zast\u0119powy m\u0142. Antoni Stypu\u0142kowski<\/p>\n\n\n\n<p><strong>ZAST\u0118P &#8222;BU(\u0141)KI&#8221;<\/strong><\/p>\n\n\n\n<p>Zast\u0119powa pion. Amelia Dudys<\/p>\n\n\n\n<p><strong>ZAST\u0118P &#8222;SZYSZUNIE&#8221;<\/strong><\/p>\n\n\n\n<p>Zast\u0119powa pion. Zuzanna Ledwo\u0144<\/p>\n\n\n\n<p><strong>ZAST\u0118P &#8222;SERVIZIO&#8221;<\/strong><\/p>\n\n\n\n<p>Zast\u0119powa pion. Nina Mik\u0142as<\/p>\n\n\n\n<p><strong>ZAST\u0118P &#8222;P\u00d3\u0141NOCNE GWIAZDY&#8221;<\/strong><\/p>\n\n\n\n<p>Zast\u0119powa och. Magdalena \u017bym\u0142a<\/p>\n\n\n\n<p><\/p>\n","protected":false},"excerpt":{"rendered":"<p>ZAST\u0118P &#8222;SILNE RZEPKI&#8221; Zast\u0119powy m\u0142. Antoni Stypu\u0142kowski ZAST\u0118P &#8222;BU(\u0141)KI&#8221; Zast\u0119powa pion. Amelia Dudys ZAST\u0118P &#8222;SZYSZUNIE&#8221; Zast\u0119powa pion. Zuzanna Ledwo\u0144 ZAST\u0118P &#8222;SERVIZIO&#8221; Zast\u0119powa pion. Nina Mik\u0142as ZAST\u0118P &#8222;P\u00d3\u0141NOCNE GWIAZDY&#8221; Zast\u0119powa och. Magdalena \u017bym\u0142a<\/p>\n","protected":false},"author":1,"featured_media":0,"parent":0,"menu_order":0,"comment_status":"closed","ping_status":"closed","template":"","meta":{"footnotes":""},"class_list":["post-136","page","type-page","status-publish","hentry"],"_links":{"self":[{"href":"https:\/\/39dhazymut.tychy.zhp.pl\/index.php\/wp-json\/wp\/v2\/pages\/136","targetHints":{"allow":["GET"]}}],"collection":[{"href":"https:\/\/39dhazymut.tychy.zhp.pl\/index.php\/wp-json\/wp\/v2\/pages"}],"about":[{"href":"https:\/\/39dhazymut.tychy.zhp.pl\/index.php\/wp-json\/wp\/v2\/types\/page"}],"author":[{"embeddable":true,"href":"https:\/\/39dhazymut.tychy.zhp.pl\/index.php\/wp-json\/wp\/v2\/users\/1"}],"replies":[{"embeddable":true,"href":"https:\/\/39dhazymut.tychy.zhp.pl\/index.php\/wp-json\/wp\/v2\/comments?post=136"}],"version-history":[{"count":4,"href":"https:\/\/39dhazymut.tychy.zhp.pl\/index.php\/wp-json\/wp\/v2\/pages\/136\/revisions"}],"predecessor-version":[{"id":1208,"href":"https:\/\/39dhazymut.tychy.zhp.pl\/index.php\/wp-json\/wp\/v2\/pages\/136\/revisions\/1208"}],"wp:attachment":[{"href":"https:\/\/39dhazymut.tychy.zhp.pl\/index.php\/wp-json\/wp\/v2\/media?parent=136"}],"curies":[{"name":"wp","href":"https:\/\/api.w.org\/{rel}","templated":true}]}}