{"id":144,"date":"2018-10-16T06:14:25","date_gmt":"2018-10-16T06:14:25","guid":{"rendered":"http:\/\/39dhazymut.tychy.zhp.pl\/?page_id=144"},"modified":"2024-11-17T16:58:01","modified_gmt":"2024-11-17T16:58:01","slug":"kontakt","status":"publish","type":"page","link":"https:\/\/39dhazymut.tychy.zhp.pl\/index.php\/kontakt\/","title":{"rendered":"Kontakt"},"content":{"rendered":"<p>Kontakt:<\/p>\n<p><strong>Dru\u017cynowy &#8211; <\/strong> &#8211; hm. Micha\u0142 Rzepka &#8211; e-mail: michal.rzepka@zhp.net.pl<\/p>\n<p>Mo\u017cna nas r\u00f3wnie\u017c znale\u017a\u0107 na FB<\/p>\n<p>&nbsp;<\/p>\n","protected":false},"excerpt":{"rendered":"<p>Kontakt: Dru\u017cynowy &#8211; &#8211; hm. Micha\u0142 Rzepka &#8211; e-mail: michal.rzepka@zhp.net.pl Mo\u017cna nas r\u00f3wnie\u017c znale\u017a\u0107 na FB &nbsp;<\/p>\n","protected":false},"author":1,"featured_media":0,"parent":0,"menu_order":0,"comment_status":"closed","ping_status":"closed","template":"","meta":{"footnotes":""},"class_list":["post-144","page","type-page","status-publish","hentry"],"_links":{"self":[{"href":"https:\/\/39dhazymut.tychy.zhp.pl\/index.php\/wp-json\/wp\/v2\/pages\/144","targetHints":{"allow":["GET"]}}],"collection":[{"href":"https:\/\/39dhazymut.tychy.zhp.pl\/index.php\/wp-json\/wp\/v2\/pages"}],"about":[{"href":"https:\/\/39dhazymut.tychy.zhp.pl\/index.php\/wp-json\/wp\/v2\/types\/page"}],"author":[{"embeddable":true,"href":"https:\/\/39dhazymut.tychy.zhp.pl\/index.php\/wp-json\/wp\/v2\/users\/1"}],"replies":[{"embeddable":true,"href":"https:\/\/39dhazymut.tychy.zhp.pl\/index.php\/wp-json\/wp\/v2\/comments?post=144"}],"version-history":[{"count":6,"href":"https:\/\/39dhazymut.tychy.zhp.pl\/index.php\/wp-json\/wp\/v2\/pages\/144\/revisions"}],"predecessor-version":[{"id":1113,"href":"https:\/\/39dhazymut.tychy.zhp.pl\/index.php\/wp-json\/wp\/v2\/pages\/144\/revisions\/1113"}],"wp:attachment":[{"href":"https:\/\/39dhazymut.tychy.zhp.pl\/index.php\/wp-json\/wp\/v2\/media?parent=144"}],"curies":[{"name":"wp","href":"https:\/\/api.w.org\/{rel}","templated":true}]}}