{"id":269,"date":"2018-10-24T20:13:13","date_gmt":"2018-10-24T20:13:13","guid":{"rendered":"http:\/\/39dhazymut.tychy.zhp.pl\/?page_id=269"},"modified":"2018-11-12T19:41:56","modified_gmt":"2018-11-12T19:41:56","slug":"symbolika","status":"publish","type":"page","link":"https:\/\/39dhazymut.tychy.zhp.pl\/index.php\/symbolika\/","title":{"rendered":"Symbolika"},"content":{"rendered":"<p><strong>KRZY\u017b HARCERSKI<\/strong><\/p>\n<p><a href=\"http:\/\/39dhazymut.tychy.zhp.pl\/wp-content\/uploads\/2018\/11\/krzyz.png\"><img loading=\"lazy\" decoding=\"async\" class=\"aligncenter size-medium wp-image-362\" src=\"http:\/\/39dhazymut.tychy.zhp.pl\/wp-content\/uploads\/2018\/11\/krzyz-300x300.png\" alt=\"\" width=\"300\" height=\"300\" srcset=\"https:\/\/39dhazymut.tychy.zhp.pl\/wp-content\/uploads\/2018\/11\/krzyz-300x300.png 300w, https:\/\/39dhazymut.tychy.zhp.pl\/wp-content\/uploads\/2018\/11\/krzyz-150x150.png 150w, https:\/\/39dhazymut.tychy.zhp.pl\/wp-content\/uploads\/2018\/11\/krzyz-768x769.png 768w, https:\/\/39dhazymut.tychy.zhp.pl\/wp-content\/uploads\/2018\/11\/krzyz-400x400.png 400w, https:\/\/39dhazymut.tychy.zhp.pl\/wp-content\/uploads\/2018\/11\/krzyz.png 829w\" sizes=\"auto, (max-width: 300px) 100vw, 300px\" \/><\/a><\/p>\n<p><span style=\"color: #000000;\">Wzorowany na\u00a0orderze\u00a0Virtuti Militari, kt\u00f3ry przyznawany jest za szczeg\u00f3lne\u00a0m\u0119stwo\u00a0i oddanie w s\u0142u\u017cbie\u00a0ojczy\u017anie.\u00a0Dewiz\u0105\u00a0krzy\u017ca harcerskiego jest\u00a0\u0142aci\u0144ska\u00a0maksyma\u00a0per aspera ad astra\u00a0(przez ciernie do gwiazd).<\/span><\/p>\n<p><strong><span style=\"color: #000000;\">Symbolika krzy\u017ca harcerskiego<\/span><\/strong><\/p>\n<ul>\n<li><span style=\"color: #000000;\">Kr\u0105g\u00a0\u2013 symbol doskona\u0142o\u015bci, do jakiej d\u0105\u017cy harcerska rodzina. Niekt\u00f3rzy twierdz\u0105, \u017ce jest to te\u017c symbol harcerskiego kr\u0119gu, w kt\u00f3rym wszyscy s\u0105 r\u00f3wni i panuj\u0105 braterskie relacje. Inni dodaj\u0105, \u017ce to oznaka ogromnej woli tworzenia kr\u0119gu, z kt\u00f3rego promieniowa\u0107 b\u0119dzie prawo\u015b\u0107 my\u015bli, s\u0142\u00f3w i czyn\u00f3w.<\/span><\/li>\n<li><span style=\"color: #000000;\">Lilijka\u00a0\u2013 symbol czysto\u015bci (zobacz te\u017c:\u00a0lilia), nawi\u0105zuj\u0105cy te\u017c do wskazuj\u0105cej drog\u0119 ig\u0142y\u00a0kompasu<\/span><\/li>\n<li><span style=\"color: #000000;\">Promienie \u2013 biegn\u0105ce od lilijki oznaczaj\u0105 d\u0105\u017cenie harcerstwa do promieniowania na ca\u0142y \u015bwiat warto\u015bciami, rado\u015bci\u0105, dobrem. Oznaczaj\u0105 one tak\u017ce wszechstronno\u015b\u0107 rozwoju harcerskiego.<\/span><\/li>\n<li><span style=\"color: #000000;\">P\u00f3\u0142-wieniec z\u00a0li\u015bci\u00a0d\u0119bowych\u00a0\u2013 li\u015bcie d\u0119bowe od dawien dawna symbolizuj\u0105 m\u0119stwo i odwag\u0119. Wieniec z li\u015bci d\u0119bowych mieli prawo nosi\u0107 tylko ludzie w\u0142adaj\u0105cy ogromn\u0105 si\u0142\u0105 \u2013 ducha, mi\u0119\u015bni, czy magii. Cechy te \u2013 m\u0119stwo i dzielno\u015b\u0107, powinny by\u0107 r\u00f3wnie\u017c udzia\u0142em ka\u017cdego harcerza.<\/span><\/li>\n<li><span style=\"color: #000000;\">P\u00f3\u0142-wieniec z li\u015bci lauru\u00a0\u2013 li\u015bcie laurowe (wawrzynowe) s\u0105 symbolem zwyci\u0119stwa. Wieniec z li\u015bci laurowych nosili autorzy najwi\u0119kszych wiktorii,\u00a0rzymscy\u00a0cesarze. Dla\u00a0harcerza\u00a0li\u015bcie laurowe oznaczaj\u0105 zwyci\u0119stwo nad w\u0142asnymi s\u0142abo\u015bciami.<\/span><\/li>\n<li><span style=\"color: #000000;\">Ziarenka\u00a0piasku\u00a0\u2013 ramiona krzy\u017ca harcerskiego wype\u0142nione s\u0105 ziarenkami piasku, kt\u00f3re symbolizuj\u0105 liczn\u0105 rodzin\u0119 harcersk\u0105; (Ile ziarenek piasku na pla\u017cy, ile gwiazd na niebie, tylu harcerzy na \u015bwiecie). Inna interpretacja m\u00f3wi, \u017ce s\u0105 to nier\u00f3wno\u015bci symbolizuj\u0105ce kamienie na drodze \u017cycia, per\u0142y dobrych uczynk\u00f3w, trudy i znoje, rado\u015bci i smutki jakie harcerz spotyka na swojej drodze \u017cycia.<\/span><\/li>\n<li><span style=\"color: #000000;\">Puste miejsce \u2013 pomi\u0119dzy ziarenkami piasku pozostawione jest miejsce, kt\u00f3re symbolizuje, \u017ce jest jeszcze miejsce dla nowych harcerzy<\/span><\/li>\n<li><span style=\"color: #000000;\">Rami\u0119 lilijki wskazuj\u0105ce p\u00f3\u0142noc \u2013 ig\u0142a w kompasie harcerza.<\/span><\/li>\n<li><span style=\"color: #000000;\">Has\u0142o &#8222;Czuwaj&#8221; \u2013 tradycyjne pozdrowienie harcerskie, kt\u00f3re przypomina harcerzowi, \u017ce powinien by\u0107 zawsze gotowy do s\u0142u\u017cby Bogu i Polsce oraz czujny<\/span><\/li>\n<li><span style=\"color: #000000;\">Ramiona \u2013 cztery strony \u015bwiata<\/span><\/li>\n<li><span style=\"color: #000000;\">Dwie gwiazdki na lilijce \u2013\u00a0Prawo\u00a0i\u00a0Przyrzeczenie Harcerskie, b\u0105d\u017a czujne oczy skauta<\/span><\/li>\n<li><span style=\"color: #000000;\">Trzy\u00a0\u017co\u0142\u0119dzie\u00a0na li\u015bciach d\u0119bowych \u2013 trzy\u00a0Rozbiory Polski<\/span><\/li>\n<li><span style=\"color: #000000;\">Dwie\u00a0oliwki\u00a0na li\u015bciach laurowych \u2013 dwie\u00a0wojny \u015bwiatowe<\/span><\/li>\n<\/ul>\n","protected":false},"excerpt":{"rendered":"<p>KRZY\u017b HARCERSKI Wzorowany na\u00a0orderze\u00a0Virtuti Militari, kt\u00f3ry przyznawany jest za szczeg\u00f3lne\u00a0m\u0119stwo\u00a0i oddanie w s\u0142u\u017cbie\u00a0ojczy\u017anie.\u00a0Dewiz\u0105\u00a0krzy\u017ca harcerskiego jest\u00a0\u0142aci\u0144ska\u00a0maksyma\u00a0per aspera ad astra\u00a0(przez ciernie do gwiazd). Symbolika krzy\u017ca harcerskiego Kr\u0105g\u00a0\u2013 symbol doskona\u0142o\u015bci, do jakiej d\u0105\u017cy harcerska rodzina. Niekt\u00f3rzy twierdz\u0105, \u017ce jest to te\u017c symbol harcerskiego kr\u0119gu, w kt\u00f3rym wszyscy s\u0105 r\u00f3wni i panuj\u0105 braterskie relacje. Inni dodaj\u0105, \u017ce to oznaka&#8230;<\/p>\n","protected":false},"author":1,"featured_media":0,"parent":0,"menu_order":0,"comment_status":"closed","ping_status":"closed","template":"","meta":{"footnotes":""},"class_list":["post-269","page","type-page","status-publish","hentry"],"_links":{"self":[{"href":"https:\/\/39dhazymut.tychy.zhp.pl\/index.php\/wp-json\/wp\/v2\/pages\/269","targetHints":{"allow":["GET"]}}],"collection":[{"href":"https:\/\/39dhazymut.tychy.zhp.pl\/index.php\/wp-json\/wp\/v2\/pages"}],"about":[{"href":"https:\/\/39dhazymut.tychy.zhp.pl\/index.php\/wp-json\/wp\/v2\/types\/page"}],"author":[{"embeddable":true,"href":"https:\/\/39dhazymut.tychy.zhp.pl\/index.php\/wp-json\/wp\/v2\/users\/1"}],"replies":[{"embeddable":true,"href":"https:\/\/39dhazymut.tychy.zhp.pl\/index.php\/wp-json\/wp\/v2\/comments?post=269"}],"version-history":[{"count":3,"href":"https:\/\/39dhazymut.tychy.zhp.pl\/index.php\/wp-json\/wp\/v2\/pages\/269\/revisions"}],"predecessor-version":[{"id":363,"href":"https:\/\/39dhazymut.tychy.zhp.pl\/index.php\/wp-json\/wp\/v2\/pages\/269\/revisions\/363"}],"wp:attachment":[{"href":"https:\/\/39dhazymut.tychy.zhp.pl\/index.php\/wp-json\/wp\/v2\/media?parent=269"}],"curies":[{"name":"wp","href":"https:\/\/api.w.org\/{rel}","templated":true}]}}