{"id":355,"date":"2018-11-12T18:52:16","date_gmt":"2018-11-12T18:52:16","guid":{"rendered":"http:\/\/39dhazymut.tychy.zhp.pl\/?page_id=355"},"modified":"2026-04-03T08:46:54","modified_gmt":"2026-04-03T08:46:54","slug":"informacja-dla-rodzicow","status":"publish","type":"page","link":"https:\/\/39dhazymut.tychy.zhp.pl\/index.php\/informacja-dla-rodzicow\/","title":{"rendered":"Informacja dla rodzic\u00f3w"},"content":{"rendered":"<p>Tutaj Pa\u0144stwo znajd\u0105 kilka najwa\u017cniejszych informacji dot. umundurowania, sk\u0142adek cz\u0142onkowskich itp.<\/p>\n<p><strong>MUNDUR HARCERSKI<\/strong><\/p>\n<p>Mundur harcerski mo\u017cna kupi\u0107\/zam\u00f3wi\u0107 w:<\/p>\n<ul>\n<li>Sklepie \u201ePentagon\u201d, kt\u00f3ry znajduje si\u0119 na ulicy M\u0142y\u0144skiej w Katowicach;<\/li>\n<li>sk\u0142adnicach harcerskich: https:\/\/www.sqadnica.pl\/;\u00a0http:\/\/sklepharcerski.pl\/;\u00a0https:\/\/skladnica.4zywioly.pl\/;\u00a0https:\/\/www.wgl.pl\/<\/li>\n<\/ul>\n<p><span id=\"more-292\"><\/span>Mundur damski (szary) sk\u0142ada si\u0119 z:<\/p>\n<ul>\n<li>bluzy mundurowej;<\/li>\n<li>sp\u00f3dnicy wraz z pasem harcerskim (koloru czarnego);<\/li>\n<li>czerwonej chusty wraz z pier\u015bcieniem;<\/li>\n<li>dw\u00f3ch czerwonych pagon\u00f3w;<\/li>\n<li>bordowego beretu z srebrn\u0105 lilijk\u0105;<\/li>\n<li>czarne getry (bez pask\u00f3w);<\/li>\n<li>bordowe wywijki.<\/li>\n<\/ul>\n<p>Mundur m\u0119ski (zielony) sk\u0142ada si\u0119 z:<\/p>\n<ul>\n<li>bluzy mundurowej;<\/li>\n<li>czerwonej chusty wraz z pier\u015bcieniem;<\/li>\n<li>dw\u00f3ch czerwonych pagon\u00f3w;<\/li>\n<li>bordowego beretu z srebrn\u0105 lilijk\u0105;<\/li>\n<li>czarnych spodni wraz z pasem harcerskim (koloru czarny).<\/li>\n<\/ul>\n<p><a href=\"http:\/\/39dhazymut.tychy.zhp.pl\/wp-content\/uploads\/2025\/10\/39_beret.jpg\"><img loading=\"lazy\" decoding=\"async\" class=\"wp-image-1180 alignleft\" src=\"http:\/\/39dhazymut.tychy.zhp.pl\/wp-content\/uploads\/2025\/10\/39_beret-1024x1024.jpg\" alt=\"\" width=\"280\" height=\"280\" srcset=\"https:\/\/39dhazymut.tychy.zhp.pl\/wp-content\/uploads\/2025\/10\/39_beret-1024x1024.jpg 1024w, https:\/\/39dhazymut.tychy.zhp.pl\/wp-content\/uploads\/2025\/10\/39_beret-300x300.jpg 300w, https:\/\/39dhazymut.tychy.zhp.pl\/wp-content\/uploads\/2025\/10\/39_beret-150x150.jpg 150w, https:\/\/39dhazymut.tychy.zhp.pl\/wp-content\/uploads\/2025\/10\/39_beret-768x768.jpg 768w, https:\/\/39dhazymut.tychy.zhp.pl\/wp-content\/uploads\/2025\/10\/39_beret-850x850.jpg 850w, https:\/\/39dhazymut.tychy.zhp.pl\/wp-content\/uploads\/2025\/10\/39_beret.jpg 1440w\" sizes=\"auto, (max-width: 280px) 100vw, 280px\" \/><\/a><\/p>\n<p>&nbsp;<\/p>\n<p>Beret harcerski koloru bordowego. Lepiej kupi\u0107 centymetr a nawet dwa wi\u0119ksze ni\u017c obw\u00f3d g\u0142owy.<\/p>\n<p><a href=\"https:\/\/4zywioly.pl\/beret-harcerski\" target=\"_blank\" rel=\"noopener\">https:\/\/4zywioly.pl\/beret-harcerski<\/a><\/p>\n<p>Do beretu nale\u017cy zakupi\u0107 jeszcze lilijk\u0119 zaginan\u0105 na dwa bolce koloru srebrnego. Prosz\u0119 nie kupowa\u0107 na jeden bolec na zatrzask bo ona wtedy w berecie si\u0119 kr\u0119ci.\u00a0 <a href=\"https:\/\/4zywioly.pl\/lilijka-zhp-zaginana\" target=\"_blank\" rel=\"noopener\">https:\/\/4zywioly.pl\/lilijka-zhp-zaginana<\/a><\/p>\n<p>&nbsp;<\/p>\n<p>&nbsp;<\/p>\n<p>&nbsp;<\/p>\n<p>&nbsp;<\/p>\n<p><a href=\"http:\/\/39dhazymut.tychy.zhp.pl\/wp-content\/uploads\/2025\/10\/39_pas_1.jpg\"><img loading=\"lazy\" decoding=\"async\" class=\"wp-image-1182 alignleft\" src=\"http:\/\/39dhazymut.tychy.zhp.pl\/wp-content\/uploads\/2025\/10\/39_pas_1.jpg\" alt=\"\" width=\"280\" height=\"279\" srcset=\"https:\/\/39dhazymut.tychy.zhp.pl\/wp-content\/uploads\/2025\/10\/39_pas_1.jpg 500w, https:\/\/39dhazymut.tychy.zhp.pl\/wp-content\/uploads\/2025\/10\/39_pas_1-300x299.jpg 300w, https:\/\/39dhazymut.tychy.zhp.pl\/wp-content\/uploads\/2025\/10\/39_pas_1-150x150.jpg 150w\" sizes=\"auto, (max-width: 280px) 100vw, 280px\" \/><\/a><\/p>\n<p>&nbsp;<\/p>\n<p>Pas harcerski koloru czarnego, rozmiar zale\u017cy od obwodu pasa, ale na spokojnie jest du\u017ca mo\u017cliwo\u015b\u0107 regulacji. Bardzo prosz\u0119 zwraca\u0107 uwag\u0119 na klamr\u0119, bo jest du\u017co do wyboru.<\/p>\n<p>&nbsp;<\/p>\n<p><a href=\"https:\/\/4zywioly.pl\/pas-harcerski-parciany-zhp-czarny\" target=\"_blank\" rel=\"noopener\">https:\/\/4zywioly.pl\/pas-harcerski-parciany-zhp-czarny<\/a><\/p>\n<p>&nbsp;<\/p>\n<p>&nbsp;<\/p>\n<p>&nbsp;<\/p>\n<p><a href=\"http:\/\/39dhazymut.tychy.zhp.pl\/wp-content\/uploads\/2025\/10\/39_pierscien.jpg\"><img loading=\"lazy\" decoding=\"async\" class=\"wp-image-1183 alignleft\" src=\"http:\/\/39dhazymut.tychy.zhp.pl\/wp-content\/uploads\/2025\/10\/39_pierscien.jpg\" alt=\"\" width=\"279\" height=\"278\" srcset=\"https:\/\/39dhazymut.tychy.zhp.pl\/wp-content\/uploads\/2025\/10\/39_pierscien.jpg 800w, https:\/\/39dhazymut.tychy.zhp.pl\/wp-content\/uploads\/2025\/10\/39_pierscien-300x300.jpg 300w, https:\/\/39dhazymut.tychy.zhp.pl\/wp-content\/uploads\/2025\/10\/39_pierscien-150x150.jpg 150w, https:\/\/39dhazymut.tychy.zhp.pl\/wp-content\/uploads\/2025\/10\/39_pierscien-768x767.jpg 768w\" sizes=\"auto, (max-width: 279px) 100vw, 279px\" \/><\/a><\/p>\n<p>&nbsp;<\/p>\n<p>Pier\u015bcie\u0144 harcerski koloru czarnego, lilijka srebrna lub oksydowana. Je\u015bli kto\u015b posiada inny pier\u015bcie\u0144 te\u017c mo\u017ce by\u0107. Mo\u017ce kiedy\u015b udam nam si\u0119 samy zaplata\u0107 pier\u015bcienie.<\/p>\n<p><a href=\"https:\/\/4zywioly.pl\/pierscien-harcerski-lilijka\" target=\"_blank\" rel=\"noopener\">https:\/\/4zywioly.pl\/pierscien-harcerski-lilijka<\/a><\/p>\n<p>&nbsp;<\/p>\n<p>&nbsp;<\/p>\n<p>&nbsp;<\/p>\n<p>&nbsp;<\/p>\n<p><a href=\"http:\/\/39dhazymut.tychy.zhp.pl\/wp-content\/uploads\/2025\/10\/39_getry.jpg\"><img loading=\"lazy\" decoding=\"async\" class=\"wp-image-1181 alignleft\" src=\"http:\/\/39dhazymut.tychy.zhp.pl\/wp-content\/uploads\/2025\/10\/39_getry.jpg\" alt=\"\" width=\"280\" height=\"281\" srcset=\"https:\/\/39dhazymut.tychy.zhp.pl\/wp-content\/uploads\/2025\/10\/39_getry.jpg 799w, https:\/\/39dhazymut.tychy.zhp.pl\/wp-content\/uploads\/2025\/10\/39_getry-300x300.jpg 300w, https:\/\/39dhazymut.tychy.zhp.pl\/wp-content\/uploads\/2025\/10\/39_getry-150x150.jpg 150w, https:\/\/39dhazymut.tychy.zhp.pl\/wp-content\/uploads\/2025\/10\/39_getry-768x769.jpg 768w\" sizes=\"auto, (max-width: 280px) 100vw, 280px\" \/><\/a><\/p>\n<p>Getry czarne bez \u017cadnych pask\u00f3w.<\/p>\n<p><a href=\"https:\/\/4zywioly.pl\/getry-harcerskie\" target=\"_blank\" rel=\"noopener\">https:\/\/4zywioly.pl\/getry-harcerskie<\/a><\/p>\n<p>&nbsp;<\/p>\n<p>&nbsp;<\/p>\n<p>&nbsp;<\/p>\n<p>&nbsp;<\/p>\n<p>&nbsp;<\/p>\n<p><a href=\"http:\/\/39dhazymut.tychy.zhp.pl\/wp-content\/uploads\/2025\/10\/39_wywijka.jpg\"><img loading=\"lazy\" decoding=\"async\" class=\"wp-image-1184 alignleft\" src=\"http:\/\/39dhazymut.tychy.zhp.pl\/wp-content\/uploads\/2025\/10\/39_wywijka.jpg\" alt=\"\" width=\"289\" height=\"288\" srcset=\"https:\/\/39dhazymut.tychy.zhp.pl\/wp-content\/uploads\/2025\/10\/39_wywijka.jpg 800w, https:\/\/39dhazymut.tychy.zhp.pl\/wp-content\/uploads\/2025\/10\/39_wywijka-300x300.jpg 300w, https:\/\/39dhazymut.tychy.zhp.pl\/wp-content\/uploads\/2025\/10\/39_wywijka-150x150.jpg 150w, https:\/\/39dhazymut.tychy.zhp.pl\/wp-content\/uploads\/2025\/10\/39_wywijka-768x767.jpg 768w\" sizes=\"auto, (max-width: 289px) 100vw, 289px\" \/><\/a><\/p>\n<p>&nbsp;<\/p>\n<p>Wywijki koloru bordowego<\/p>\n<p><a href=\"https:\/\/4zywioly.pl\/wywijki-harcerskie\" target=\"_blank\" rel=\"noopener\">https:\/\/4zywioly.pl\/wywijki-harcerskie<\/a><\/p>\n<p>&nbsp;<\/p>\n<p>&nbsp;<\/p>\n<p>&nbsp;<\/p>\n<p>&nbsp;<\/p>\n<p>&nbsp;<\/p>\n<p>&nbsp;<\/p>\n<p>Do tego nale\u017cy kupi\u0107 czerwon\u0105 chust\u0119 i pagony.\u00a0<strong>ZAWSZE WYBIERAMY KOLOR CZERWONY !!!!\u00a0<\/strong>Chusta podwijana <a href=\"https:\/\/4zywioly.pl\/chusta-harcerska\" target=\"_blank\" rel=\"noopener\">https:\/\/4zywioly.pl\/chusta-harcerska<\/a>\u00a0 \u00a0,\u00a0 <a href=\"https:\/\/4zywioly.pl\/pagony-harcerskie\" target=\"_blank\" rel=\"noopener\">https:\/\/4zywioly.pl\/pagony-harcerskie<\/a><\/p>\n<p><strong>SPODNIE<\/strong> koloru czarnego najlepiej typu boj\u00f3wki, tylko \u017ceby na dole nie mia\u0142y \u015bci\u0105gaczy tylko proste nogawki.<\/p>\n<p>&nbsp;<\/p>\n<p>&nbsp;<\/p>\n<p><strong>SK\u0141ADKA CZ\u0141ONKOWSKA<\/strong><\/p>\n<p>W tym roku zach\u0119camy do op\u0142acania sk\u0142adek cz\u0142onkowskich poprzez system TIPI. Op\u0142at\u0119 mo\u017cna zrobi\u0107 za pomoc\u0105 BLIKA, a my od razu b\u0119dziemy mieli informacj\u0119 o op\u0142aceniu sk\u0142adek.<\/p>\n<p>Szczeg\u00f3\u0142y dotycz\u0105ce sk\u0142adek mo\u017cna znale\u017a\u0107 na stronie hufca &#8211;\u00a0<a href=\"https:\/\/tychy.zhp.pl\/skladki\/\">Hufiec Ziemi Tyskiej &#8211; sk\u0142adki<\/a><\/p>\n<p>oraz szczeg\u00f3\u0142owa instrukcja znajduje si\u0119 <a href=\"https:\/\/zhp.pl\/wp-content\/uploads\/2025\/12\/TiPi-instrukcja_jak-oplacic-skladki_2026.pdf\">tutaj.<\/a><\/p>\n<p>Je\u015bli kto\u015b nie posiada konta na TIPI to prosz\u0119 o kontakt z dru\u017cynowym<\/p>\n<p>&nbsp;<\/p>\n<p>Sk\u0142adka cz\u0142onkowska na rok 2026 r. wynosi<strong> 90 z\u0142<\/strong> na kwarta\u0142. Sk\u0142adk\u0119 nale\u017cy wp\u0142aca\u0107 na konto hufca 07 1140 1010 0000 4612 4800 1001<\/p>\n<p>Opis wp\u0142aty powinien by\u0107 nast\u0119puj\u0105cy:<\/p>\n<p>Je\u015bli jest wp\u0142ata 90 z\u0142 tylko za I kwarta\u0142 to opis jest:<\/p>\n<p><strong>AZYMUT-SC-Imi\u0119 i nazwisko dziecka- KWARTA\u0141 I<\/strong><\/p>\n<p>Je\u015bli jest wp\u0142ata 180 z\u0142\u00a0 za I i II kwarta\u0142 to opis jest:<\/p>\n<p><strong>AZYMUT-SC-Imi\u0119 i nazwisko dziecka- KWARTA\u0141 I-II<\/strong><\/p>\n<p>Je\u015bli jest wp\u0142ata 270 z\u0142 za I,II,III kwarta\u0142 to opis jest:<\/p>\n<p><strong>AZYMUT-SC-Imi\u0119 i nazwisko dziecka- KWARTA\u0141 I-III<\/strong><\/p>\n<p>Je\u015bli jest wp\u0142ata 360 z\u0142 za ca\u0142y rok to opis jest:<\/p>\n<p><strong>AZYMUT-SC-Imi\u0119 i nazwisko dziecka- KWARTA\u0141 I-IV<\/strong><\/p>\n<p>Analogicznie b\u0119d\u0105 wp\u0142aty za II, III, IV kwarta\u0142.<\/p>\n<p><strong>Bardzo prosz\u0119 o przestrzeganie opis\u00f3w, gdy\u017c b\u0119d\u0105 dokonywane zwroty na Pa\u0144stwa konta.<\/strong><\/p>\n<p>Sk\u0142adki za dany kwarta\u0142 powinny by\u0107 wp\u0142acone do 20 ka\u017cdego pierwszego miesi\u0105ca kwarta\u0142u.<\/p>\n<p>Podzia\u0142 tej sk\u0142adki jest nast\u0119puj\u0105cy:<\/p>\n<div dir=\"auto\">\u2022 16,50 z\u0142 \u2013 G\u0142\u00f3wna Kwatera ZHP<\/div>\n<div dir=\"auto\">\u2022 39 z\u0142 \u2013 Chor\u0105giew ZHP<\/div>\n<div dir=\"auto\">\u2022 17 z\u0142 \u2013 Hufiec ZHP<\/div>\n<div dir=\"auto\">\u2022 17,50 z\u0142 \u2013 Wraca do naszej jednostki na nasz\u0105 dzia\u0142alno\u015b\u0107 czyli rocznie 70 z\u0142 od osoby mam do naszej dyspozycji.<\/div>\n<p>&nbsp;<\/p>\n<p>W\u00a0<strong>2025<\/strong> za systematyczne wp\u0142aty sk\u0142adek, nasza jednostka otrzyma\u0142a do dyspozycji kwot\u0119: 2123,50 z\u0142, kwota ta zostanie przekazana na dzia\u0142alno\u015b\u0107 programow\u0105 dru\u017cyny.<\/p>\n","protected":false},"excerpt":{"rendered":"<p>Tutaj Pa\u0144stwo znajd\u0105 kilka najwa\u017cniejszych informacji dot. umundurowania, sk\u0142adek cz\u0142onkowskich itp. MUNDUR HARCERSKI Mundur harcerski mo\u017cna kupi\u0107\/zam\u00f3wi\u0107 w: Sklepie \u201ePentagon\u201d, kt\u00f3ry znajduje si\u0119 na ulicy M\u0142y\u0144skiej w Katowicach; sk\u0142adnicach harcerskich: https:\/\/www.sqadnica.pl\/;\u00a0http:\/\/sklepharcerski.pl\/;\u00a0https:\/\/skladnica.4zywioly.pl\/;\u00a0https:\/\/www.wgl.pl\/ Mundur damski (szary) sk\u0142ada si\u0119 z: bluzy mundurowej; sp\u00f3dnicy wraz z pasem harcerskim (koloru czarnego); czerwonej chusty wraz z pier\u015bcieniem; dw\u00f3ch czerwonych pagon\u00f3w; bordowego&#8230;<\/p>\n","protected":false},"author":4,"featured_media":0,"parent":0,"menu_order":0,"comment_status":"closed","ping_status":"closed","template":"","meta":{"footnotes":""},"class_list":["post-355","page","type-page","status-publish","hentry"],"_links":{"self":[{"href":"https:\/\/39dhazymut.tychy.zhp.pl\/index.php\/wp-json\/wp\/v2\/pages\/355","targetHints":{"allow":["GET"]}}],"collection":[{"href":"https:\/\/39dhazymut.tychy.zhp.pl\/index.php\/wp-json\/wp\/v2\/pages"}],"about":[{"href":"https:\/\/39dhazymut.tychy.zhp.pl\/index.php\/wp-json\/wp\/v2\/types\/page"}],"author":[{"embeddable":true,"href":"https:\/\/39dhazymut.tychy.zhp.pl\/index.php\/wp-json\/wp\/v2\/users\/4"}],"replies":[{"embeddable":true,"href":"https:\/\/39dhazymut.tychy.zhp.pl\/index.php\/wp-json\/wp\/v2\/comments?post=355"}],"version-history":[{"count":12,"href":"https:\/\/39dhazymut.tychy.zhp.pl\/index.php\/wp-json\/wp\/v2\/pages\/355\/revisions"}],"predecessor-version":[{"id":1252,"href":"https:\/\/39dhazymut.tychy.zhp.pl\/index.php\/wp-json\/wp\/v2\/pages\/355\/revisions\/1252"}],"wp:attachment":[{"href":"https:\/\/39dhazymut.tychy.zhp.pl\/index.php\/wp-json\/wp\/v2\/media?parent=355"}],"curies":[{"name":"wp","href":"https:\/\/api.w.org\/{rel}","templated":true}]}}