{"id":641,"date":"2019-04-17T19:19:24","date_gmt":"2019-04-17T19:19:24","guid":{"rendered":"http:\/\/39dhazymut.tychy.zhp.pl\/?page_id=641"},"modified":"2019-04-17T19:55:52","modified_gmt":"2019-04-17T19:55:52","slug":"biblioteka-druzyny","status":"publish","type":"page","link":"https:\/\/39dhazymut.tychy.zhp.pl\/index.php\/biblioteka-druzyny\/","title":{"rendered":"Biblioteka dru\u017cyny"},"content":{"rendered":"\n<p>Biblioteka dru\u017cyny to zbi\u00f3r ksi\u0105\u017cek, kt\u00f3re zostan\u0105 udost\u0119pnione wszystkim cz\u0142onkom dru\u017cyny. Ksi\u0105\u017cki b\u0119d\u0105 mog\u0142y by\u0107 wypo\u017cyczane. <\/p>\n\n\n\n<p>Poni\u017cej znajduje si\u0119 lista ksi\u0105\u017cek, kt\u00f3re mo\u017cna wypo\u017cycza\u0107:<\/p>\n\n\n\n<ul class=\"wp-block-list\"><li><a href=\"http:\/\/39dhazymut.tychy.zhp.pl\/index.php\/harcerki-1939-1945-relacje---pamietniki\/\">HARCERKI 1939-1945 RELACJE-PAMI\u0118TNIKI<\/a><\/li><li><a href=\"http:\/\/39dhazymut.tychy.zhp.pl\/index.php\/pamietniki-zolnierzy-baonu-zoska\/\">PAMI\u0118TNIKI \u017bO\u0141NIERZY BAONU ,,ZO\u015aKA&#8221;<\/a><\/li><li><a href=\"http:\/\/39dhazymut.tychy.zhp.pl\/index.php\/pelnic-sluzbe-z-pamietnikow-i-wspomnien-harcerek-warszawy-1939-1945\">PE\u0141NI\u0106 S\u0141U\u017bB\u0118&#8230; Z PAMI\u0118TNIK\u00d3W I WSPOMNIE\u0143 HARCEREK WARSZAWY 1939-1945<\/a><\/li><li><a href=\"http:\/\/39dhazymut.tychy.zhp.pl\/index.php\/polskie-harcerki-w-dziesiecioleciu-1911-1921\/\">POLSKIE HARCERKI W DZIESI\u0118CIOLECIU 1911-1921<\/a><\/li><\/ul>\n","protected":false},"excerpt":{"rendered":"<p>Biblioteka dru\u017cyny to zbi\u00f3r ksi\u0105\u017cek, kt\u00f3re zostan\u0105 udost\u0119pnione wszystkim cz\u0142onkom dru\u017cyny. Ksi\u0105\u017cki b\u0119d\u0105 mog\u0142y by\u0107 wypo\u017cyczane. Poni\u017cej znajduje si\u0119 lista ksi\u0105\u017cek, kt\u00f3re mo\u017cna wypo\u017cycza\u0107: HARCERKI 1939-1945 RELACJE-PAMI\u0118TNIKI PAMI\u0118TNIKI \u017bO\u0141NIERZY BAONU ,,ZO\u015aKA&#8221; PE\u0141NI\u0106 S\u0141U\u017bB\u0118&#8230; Z PAMI\u0118TNIK\u00d3W I WSPOMNIE\u0143 HARCEREK WARSZAWY 1939-1945 POLSKIE HARCERKI W DZIESI\u0118CIOLECIU 1911-1921<\/p>\n","protected":false},"author":5,"featured_media":0,"parent":0,"menu_order":0,"comment_status":"closed","ping_status":"closed","template":"","meta":{"footnotes":""},"class_list":["post-641","page","type-page","status-publish","hentry"],"_links":{"self":[{"href":"https:\/\/39dhazymut.tychy.zhp.pl\/index.php\/wp-json\/wp\/v2\/pages\/641","targetHints":{"allow":["GET"]}}],"collection":[{"href":"https:\/\/39dhazymut.tychy.zhp.pl\/index.php\/wp-json\/wp\/v2\/pages"}],"about":[{"href":"https:\/\/39dhazymut.tychy.zhp.pl\/index.php\/wp-json\/wp\/v2\/types\/page"}],"author":[{"embeddable":true,"href":"https:\/\/39dhazymut.tychy.zhp.pl\/index.php\/wp-json\/wp\/v2\/users\/5"}],"replies":[{"embeddable":true,"href":"https:\/\/39dhazymut.tychy.zhp.pl\/index.php\/wp-json\/wp\/v2\/comments?post=641"}],"version-history":[{"count":7,"href":"https:\/\/39dhazymut.tychy.zhp.pl\/index.php\/wp-json\/wp\/v2\/pages\/641\/revisions"}],"predecessor-version":[{"id":664,"href":"https:\/\/39dhazymut.tychy.zhp.pl\/index.php\/wp-json\/wp\/v2\/pages\/641\/revisions\/664"}],"wp:attachment":[{"href":"https:\/\/39dhazymut.tychy.zhp.pl\/index.php\/wp-json\/wp\/v2\/media?parent=641"}],"curies":[{"name":"wp","href":"https:\/\/api.w.org\/{rel}","templated":true}]}}