{"id":85,"date":"2018-10-14T19:03:46","date_gmt":"2018-10-14T19:03:46","guid":{"rendered":"http:\/\/39dhazymut.tychy.zhp.pl\/?page_id=85"},"modified":"2018-10-25T21:11:52","modified_gmt":"2018-10-25T21:11:52","slug":"obrzedowosc","status":"publish","type":"page","link":"https:\/\/39dhazymut.tychy.zhp.pl\/index.php\/obrzedowosc\/","title":{"rendered":"Obrz\u0119dowo\u015b\u0107"},"content":{"rendered":"<p>Zapraszam do zapoznania si\u0119 z obrz\u0119dowo\u015bci\u0105 39 Dru\u017cyny Harcerskiej &#8222;Azymut&#8221;<\/p>\n<p><strong>BARWY:<\/strong> czerwono &#8211; czarne<\/p>\n<p><strong>Obrz\u0119dowe Rozpocz\u0119cie Zbi\u00f3rki:<\/strong> Ka\u017cdy uczestnik zbi\u00f3rki dostaj\u0119 kompas, a nast\u0119pnie opowiada co ciekawego przytrafi\u0142o si\u0119 mu przez ostatni tydzie\u0144.<\/p>\n<p><strong>Obrz\u0119dowe Zako\u0144czenie Zbi\u00f3rki:<\/strong> Stajemy w kr\u0119gu, \u015bpiewamy Bratnie S\u0142owo i puszczamy iskierk\u0119. W \u015brodku kr\u0119gu pali si\u0119 \u015bwieczka na logo dru\u017cyny.<\/p>\n","protected":false},"excerpt":{"rendered":"<p>Zapraszam do zapoznania si\u0119 z obrz\u0119dowo\u015bci\u0105 39 Dru\u017cyny Harcerskiej &#8222;Azymut&#8221; BARWY: czerwono &#8211; czarne Obrz\u0119dowe Rozpocz\u0119cie Zbi\u00f3rki: Ka\u017cdy uczestnik zbi\u00f3rki dostaj\u0119 kompas, a nast\u0119pnie opowiada co ciekawego przytrafi\u0142o si\u0119 mu przez ostatni tydzie\u0144. Obrz\u0119dowe Zako\u0144czenie Zbi\u00f3rki: Stajemy w kr\u0119gu, \u015bpiewamy Bratnie S\u0142owo i puszczamy iskierk\u0119. W \u015brodku kr\u0119gu pali si\u0119 \u015bwieczka na logo dru\u017cyny.<\/p>\n","protected":false},"author":1,"featured_media":0,"parent":0,"menu_order":0,"comment_status":"closed","ping_status":"closed","template":"","meta":{"footnotes":""},"class_list":["post-85","page","type-page","status-publish","hentry"],"_links":{"self":[{"href":"https:\/\/39dhazymut.tychy.zhp.pl\/index.php\/wp-json\/wp\/v2\/pages\/85","targetHints":{"allow":["GET"]}}],"collection":[{"href":"https:\/\/39dhazymut.tychy.zhp.pl\/index.php\/wp-json\/wp\/v2\/pages"}],"about":[{"href":"https:\/\/39dhazymut.tychy.zhp.pl\/index.php\/wp-json\/wp\/v2\/types\/page"}],"author":[{"embeddable":true,"href":"https:\/\/39dhazymut.tychy.zhp.pl\/index.php\/wp-json\/wp\/v2\/users\/1"}],"replies":[{"embeddable":true,"href":"https:\/\/39dhazymut.tychy.zhp.pl\/index.php\/wp-json\/wp\/v2\/comments?post=85"}],"version-history":[{"count":3,"href":"https:\/\/39dhazymut.tychy.zhp.pl\/index.php\/wp-json\/wp\/v2\/pages\/85\/revisions"}],"predecessor-version":[{"id":280,"href":"https:\/\/39dhazymut.tychy.zhp.pl\/index.php\/wp-json\/wp\/v2\/pages\/85\/revisions\/280"}],"wp:attachment":[{"href":"https:\/\/39dhazymut.tychy.zhp.pl\/index.php\/wp-json\/wp\/v2\/media?parent=85"}],"curies":[{"name":"wp","href":"https:\/\/api.w.org\/{rel}","templated":true}]}}